{"id":46,"date":"2013-02-21T12:03:16","date_gmt":"2013-02-21T12:03:16","guid":{"rendered":"http:\/\/neu.huette-egenhausen.de\/?page_id=46"},"modified":"2022-01-04T09:46:05","modified_gmt":"2022-01-04T09:46:05","slug":"vermietung","status":"publish","type":"page","link":"https:\/\/huette-egenhausen.de\/?page_id=46","title":{"rendered":"Vermietung"},"content":{"rendered":"<h4><span style=\"color: #ff0000;\">Die H\u00fctte wird renoviert und kann zur Zeit nicht vermietet werden.<\/span><\/h4>\n<p>Wir vermieten die H\u00fctte ausschlie\u00dflich an organisierte Jugendgruppen. Eine \u00dcbersicht \u00fcber freie Termine gibt der Kalender. Es gibt aber keine Garantie, dass der Kalender korrekt und vollst\u00e4ndig ist. Reservierungsanfragen bitte an den <a title=\"Kontakt\" href=\"http:\/\/www.huette-egenhausen.de\/?page_id=57\">H\u00fcttenwart<\/a>. Die Reservierung ist erst verbindlich, wenn ein unterschriebener <a href=\"http:\/\/www.huette-egenhausen.de\/wp-content\/uploads\/2015\/02\/Mietvertrag_Internet.pdf\" target=\"_blank\" rel=\"noopener\">Mietvertrag<\/a> bei uns eingegangen ist, und der Mietpreis sowie die Kaution \u00fcberwiesen sind.<br \/>\n<iframe loading=\"lazy\" style=\"border: 0;\" src=\"https:\/\/calendar.google.com\/calendar\/embed?src=kalender%40huette-egenhausen.de&amp;ctz=Europe%2FBerlin\" width=\"640\" height=\"400\" frameborder=\"0\" scrolling=\"no\"><\/iframe><\/p>\n","protected":false},"excerpt":{"rendered":"<p>Die H\u00fctte wird renoviert und kann zur Zeit nicht vermietet werden. Wir vermieten die H\u00fctte ausschlie\u00dflich an organisierte Jugendgruppen. Eine \u00dcbersicht \u00fcber freie Termine gibt der Kalender. Es gibt aber keine Garantie, dass der Kalender korrekt und vollst\u00e4ndig ist. Reservierungsanfragen bitte an den H\u00fcttenwart. Die Reservierung ist erst verbindlich, wenn ein unterschriebener Mietvertrag bei uns &hellip; <a href=\"https:\/\/huette-egenhausen.de\/?page_id=46\" class=\"more-link\"><span class=\"screen-reader-text\">Vermietung<\/span> weiterlesen <span class=\"meta-nav\">&rarr;<\/span><\/a><\/p>\n","protected":false},"author":1,"featured_media":0,"parent":0,"menu_order":2,"comment_status":"closed","ping_status":"closed","template":"","meta":{"footnotes":""},"class_list":["post-46","page","type-page","status-publish","hentry"],"_links":{"self":[{"href":"https:\/\/huette-egenhausen.de\/index.php?rest_route=\/wp\/v2\/pages\/46","targetHints":{"allow":["GET"]}}],"collection":[{"href":"https:\/\/huette-egenhausen.de\/index.php?rest_route=\/wp\/v2\/pages"}],"about":[{"href":"https:\/\/huette-egenhausen.de\/index.php?rest_route=\/wp\/v2\/types\/page"}],"author":[{"embeddable":true,"href":"https:\/\/huette-egenhausen.de\/index.php?rest_route=\/wp\/v2\/users\/1"}],"replies":[{"embeddable":true,"href":"https:\/\/huette-egenhausen.de\/index.php?rest_route=%2Fwp%2Fv2%2Fcomments&post=46"}],"version-history":[{"count":15,"href":"https:\/\/huette-egenhausen.de\/index.php?rest_route=\/wp\/v2\/pages\/46\/revisions"}],"predecessor-version":[{"id":227,"href":"https:\/\/huette-egenhausen.de\/index.php?rest_route=\/wp\/v2\/pages\/46\/revisions\/227"}],"wp:attachment":[{"href":"https:\/\/huette-egenhausen.de\/index.php?rest_route=%2Fwp%2Fv2%2Fmedia&parent=46"}],"curies":[{"name":"wp","href":"https:\/\/api.w.org\/{rel}","templated":true}]}}