{"id":36,"date":"2013-02-19T15:08:22","date_gmt":"2013-02-19T15:08:22","guid":{"rendered":"http:\/\/neu.huette-egenhausen.de\/?page_id=36"},"modified":"2013-02-27T15:12:39","modified_gmt":"2013-02-27T15:12:39","slug":"anfahrt","status":"publish","type":"page","link":"https:\/\/huette-egenhausen.de\/?page_id=36","title":{"rendered":"Anfahrt"},"content":{"rendered":"<p style=\"text-align: left;\" align=\"center\"><b><span style=\"font-size: medium;\">97440 Egenhausen, Gemeindeteil von Werneck<\/span><\/b><\/p>\n<p><span style=\"font-size: medium;\">Von der B19 aus Richtung Schweinfurt geht es bei Schnackenwerth rechts ab nach\u00a0 Egenhausen.<\/span><\/p>\n<p><span style=\"font-size: medium;\">Von der B19 kommend in Egenhausen bald nach dem Ortseingang scharf rechts in den &#8222;Geldersheimer Weg&#8220; abbiegen. Am Steinkreuz links halten. Dem Betonweg ca. 500 m folgen. Im Tal zweigt links vor einem Geb\u00fcsch ein Feldweg ab, diesem Weg folgen. Nach ca. 150m zweigt, bei einem J\u00e4gersitz, rechts ein Weg ab. Hier das Auto abstellen.<\/span><\/p>\n<p><span style=\"font-size: medium;\">Es sind nur begrenzt Abstellpl\u00e4tze vorhanden, aber bitte auf keinen Fall in die Wiese fahren! Zu Fu\u00df dem Weg nach rechts folgen und dann noch mal rechts halten. Nach ca. 50m ist das Ziel erreicht. F\u00fcr Transporte kann man bei trockenem Wetter bis zur H\u00fctte fahren. Dabei bitte vorsichtig sein und den Platz nicht umpfl\u00fcgen! Wenn es nass ist, bitte nicht hochfahren. Auf jeden Fall die Autos wieder wegfahren.<\/span><\/p>\n<p><span style=\"font-size: medium;\">Und wer ohne GPS den Weg nicht mehr findet:<br \/>\n<\/span><span style=\"font-size: medium;\">N 50\u00b0 2,373\u00b4<br \/>\n<span style=\"font-size: medium;\">E 10\u00b0 5,941\u00b4<\/span><\/span><\/p>\n<p><iframe loading=\"lazy\" src=\"https:\/\/maps.google.de\/maps\/ms?msid=200763212095978811655.00044362e82cb8ce76750&amp;msa=0&amp;hl=de&amp;ie=UTF8&amp;t=m&amp;ll=50.039502,10.099182&amp;spn=0.308703,0.583649&amp;z=10&amp;output=embed\" height=\"350\" width=\"425\" frameborder=\"0\" marginwidth=\"0\" marginheight=\"0\" scrolling=\"no\"><\/iframe><br \/>\n<small><a style=\"color: #0000ff; text-align: left;\" href=\"https:\/\/maps.google.de\/maps\/ms?msid=200763212095978811655.00044362e82cb8ce76750&amp;msa=0&amp;hl=de&amp;ie=UTF8&amp;t=m&amp;ll=50.039502,10.099182&amp;spn=0.308703,0.583649&amp;z=10&amp;source=embed\">Egenh\u00e4user H\u00fctte<\/a> auf einer gr\u00f6\u00dferen Karte anzeigen<\/small><\/p>\n","protected":false},"excerpt":{"rendered":"<p>97440 Egenhausen, Gemeindeteil von Werneck Von der B19 aus Richtung Schweinfurt geht es bei Schnackenwerth rechts ab nach\u00a0 Egenhausen. Von der B19 kommend in Egenhausen bald nach dem Ortseingang scharf rechts in den &#8222;Geldersheimer Weg&#8220; abbiegen. Am Steinkreuz links halten. Dem Betonweg ca. 500 m folgen. Im Tal zweigt links vor einem Geb\u00fcsch ein Feldweg &hellip; <a href=\"https:\/\/huette-egenhausen.de\/?page_id=36\" class=\"more-link\"><span class=\"screen-reader-text\">Anfahrt<\/span> weiterlesen <span class=\"meta-nav\">&rarr;<\/span><\/a><\/p>\n","protected":false},"author":1,"featured_media":0,"parent":0,"menu_order":4,"comment_status":"closed","ping_status":"closed","template":"onecolumn-page.php","meta":{"footnotes":""},"class_list":["post-36","page","type-page","status-publish","hentry"],"_links":{"self":[{"href":"https:\/\/huette-egenhausen.de\/index.php?rest_route=\/wp\/v2\/pages\/36","targetHints":{"allow":["GET"]}}],"collection":[{"href":"https:\/\/huette-egenhausen.de\/index.php?rest_route=\/wp\/v2\/pages"}],"about":[{"href":"https:\/\/huette-egenhausen.de\/index.php?rest_route=\/wp\/v2\/types\/page"}],"author":[{"embeddable":true,"href":"https:\/\/huette-egenhausen.de\/index.php?rest_route=\/wp\/v2\/users\/1"}],"replies":[{"embeddable":true,"href":"https:\/\/huette-egenhausen.de\/index.php?rest_route=%2Fwp%2Fv2%2Fcomments&post=36"}],"version-history":[{"count":10,"href":"https:\/\/huette-egenhausen.de\/index.php?rest_route=\/wp\/v2\/pages\/36\/revisions"}],"predecessor-version":[{"id":101,"href":"https:\/\/huette-egenhausen.de\/index.php?rest_route=\/wp\/v2\/pages\/36\/revisions\/101"}],"wp:attachment":[{"href":"https:\/\/huette-egenhausen.de\/index.php?rest_route=%2Fwp%2Fv2%2Fmedia&parent=36"}],"curies":[{"name":"wp","href":"https:\/\/api.w.org\/{rel}","templated":true}]}}